{"id":8614,"date":"2016-05-30T09:34:45","date_gmt":"2016-05-30T09:34:45","guid":{"rendered":"https:\/\/www.chateaudejanvry.com\/demande-de-devis\/"},"modified":"2020-09-30T12:58:03","modified_gmt":"2020-09-30T12:58:03","slug":"demande-devis-en","status":"publish","type":"page","link":"https:\/\/www.chateaudejanvry.com\/en\/demande-devis-en\/","title":{"rendered":"Demande de devis"},"content":{"rendered":"<div class=\"row-fluid \">\n\t<div class=\"wpb_showcase_widget wpb_content_element span12\">\n\t\t<div class=\"wpb_wrapper showcase-wrap\">\n\t\t\t\t<div class=\"home-slider-wrap\">\n\t\t\t<!-- START Devis REVOLUTION SLIDER 6.4.3 --><p class=\"rs-p-wp-fix\"><\/p>\n\t\t\t<rs-module-wrap id=\"rev_slider_57_1_wrapper\" data-source=\"gallery\" data-aimg=\"\"  style=\"background:#f7f7f7;padding:0;margin:0px auto;margin-top:0;margin-bottom:0;\">\n\t\t\t\t<rs-module id=\"rev_slider_57_1\" style=\"\" data-version=\"6.4.3\">\n\t\t\t\t\t<rs-slides>\n\t\t\t\t\t\t<rs-slide data-key=\"rs-356\" data-title=\"Slide\" data-in=\"o:0;\" data-out=\"a:false;\">\n\t\t\t\t\t\t\t<img src=\"\/\/www.chateaudejanvry.com\/wp-content\/uploads\/2023\/10\/Images_slider_domaine_1-1.jpg\" title=\"Images_slider_domaine_1\" width=\"1920\" height=\"702\" data-bg=\"f:contain;\" class=\"rev-slidebg\" data-no-retina>\n<!---->\t\t\t\t\t\t<\/rs-slide>\n\t\t\t\t\t\t<rs-slide data-key=\"rs-3561\" data-title=\"Slide\" data-in=\"o:0;\" data-out=\"a:false;\">\n\t\t\t\t\t\t\t<img src=\"\/\/www.chateaudejanvry.com\/wp-content\/uploads\/2023\/10\/Images_slider_domaine_1-1.jpg\" title=\"Images_slider_domaine_1\" width=\"1920\" height=\"702\" data-bg=\"f:contain;\" class=\"rev-slidebg\" data-no-retina>\n<!---->\t\t\t\t\t\t<\/rs-slide>\n\t\t\t\t\t<\/rs-slides>\n\t\t\t\t<\/rs-module>\n\t\t\t\t<script type=\"text\/javascript\">\n\t\t\t\t\tsetREVStartSize({c: 'rev_slider_57_1',rl:[1240,1024,778,480],el:[350],gw:[960],gh:[350],type:'standard',justify:'',layout:'fullwidth',mh:\"350\"});\n\t\t\t\t\tvar\trevapi57,\n\t\t\t\t\t\ttpj;\n\t\t\t\t\tfunction revinit_revslider571() {\n\t\t\t\t\tjQuery(function() {\n\t\t\t\t\t\ttpj = jQuery;\n\t\t\t\t\t\trevapi57 = tpj(\"#rev_slider_57_1\");\n\t\t\t\t\t\ttpj.noConflict();\n\t\t\t\t\t\tif(revapi57==undefined || revapi57.revolution == undefined){\n\t\t\t\t\t\t\trevslider_showDoubleJqueryError(\"rev_slider_57_1\");\n\t\t\t\t\t\t}else{\n\t\t\t\t\t\t\trevapi57.revolution({\n\t\t\t\t\t\t\t\tsliderLayout:\"fullwidth\",\n\t\t\t\t\t\t\t\tvisibilityLevels:\"1240,1024,778,480\",\n\t\t\t\t\t\t\t\tgridwidth:960,\n\t\t\t\t\t\t\t\tgridheight:350,\n\t\t\t\t\t\t\t\tminHeight:350,\n\t\t\t\t\t\t\t\tspinner:\"spinner0\",\n\t\t\t\t\t\t\t\tperspective:600,\n\t\t\t\t\t\t\t\tperspectiveType:\"local\",\n\t\t\t\t\t\t\t\teditorheight:\"350,768,960,720\",\n\t\t\t\t\t\t\t\tresponsiveLevels:\"1240,1024,778,480\",\n\t\t\t\t\t\t\t\tstopAtSlide:2,\n\t\t\t\t\t\t\t\tstopAfterLoops:0,\n\t\t\t\t\t\t\t\tprogressBar:{disableProgressBar:true},\n\t\t\t\t\t\t\t\tnavigation: {\n\t\t\t\t\t\t\t\t\tmouseScrollNavigation:false,\n\t\t\t\t\t\t\t\t\twheelCallDelay:1000,\n\t\t\t\t\t\t\t\t\ttouch: {\n\t\t\t\t\t\t\t\t\t\ttouchenabled:true\n\t\t\t\t\t\t\t\t\t}\n\t\t\t\t\t\t\t\t},\n\t\t\t\t\t\t\t\tfallbacks: {\n\t\t\t\t\t\t\t\t\tallowHTML5AutoPlayOnAndroid:true\n\t\t\t\t\t\t\t\t},\n\t\t\t\t\t\t\t});\n\t\t\t\t\t\t}\n\t\t\t\t\t\t\n\t\t\t\t\t});\n\t\t\t\t\t} \/\/ End of RevInitScript\n\t\t\t\tvar once_revslider571 = false;\n\t\t\t\tif (document.readyState === \"loading\") {document.addEventListener('readystatechange',function() { if((document.readyState === \"interactive\" || document.readyState === \"complete\") && !once_revslider571 ) { once_revslider571 = true; revinit_revslider571();}});} else {once_revslider571 = true; revinit_revslider571();}\n\t\t\t\t<\/script>\n\t\t\t<\/rs-module-wrap>\n\t\t\t<!-- END REVOLUTION SLIDER -->\n<\/div>\n\t\t<\/div> \n\t<\/div> <\/div> <div class=\"row-fluid \">\n\t<div class=\"wpb_content_element span12 wpb_text_column\">\n\t\t<div class=\"wpb_wrapper clearfix\">\n\t\t\t\n<h1>Quotation request<\/h1>\n<p>Take a few seconds to describe your need :<\/p>\n<div role=\"form\" class=\"wpcf7\" id=\"wpcf7-f23410-o1\" lang=\"fr-FR\" dir=\"ltr\">\n<div class=\"screen-reader-response\"><p role=\"status\" aria-live=\"polite\" aria-atomic=\"true\"><\/p> <ul><\/ul><\/div>\n<form action=\"\/en\/wp-json\/wp\/v2\/pages\/8614#wpcf7-f23410-o1\" method=\"post\" class=\"wpcf7-form init\" novalidate=\"novalidate\" data-status=\"init\">\n<div style=\"display: none;\">\n<input type=\"hidden\" name=\"_wpcf7\" value=\"23410\" \/>\n<input type=\"hidden\" name=\"_wpcf7_version\" value=\"5.5.6\" \/>\n<input type=\"hidden\" name=\"_wpcf7_locale\" value=\"fr_FR\" \/>\n<input type=\"hidden\" name=\"_wpcf7_unit_tag\" value=\"wpcf7-f23410-o1\" \/>\n<input type=\"hidden\" name=\"_wpcf7_container_post\" value=\"0\" \/>\n<input type=\"hidden\" name=\"_wpcf7_posted_data_hash\" value=\"\" \/>\n<input type=\"hidden\" name=\"_wpcf7_recaptcha_response\" value=\"\" \/>\n<\/div>\n<div class=\"show-onlydesktop\">\n<div class=\"wpcf7-response-output\" aria-hidden=\"true\"><\/div>\n<\/div>\n<p><label>Your name (first name, last name) *<br \/>\n    <span class=\"wpcf7-form-control-wrap your-name\"><input type=\"text\" name=\"your-name\" value=\"\" size=\"40\" class=\"wpcf7-form-control wpcf7-text wpcf7-validates-as-required\" aria-required=\"true\" aria-invalid=\"false\" \/><\/span> <\/label><\/p>\n<p><label> Your email : *<br \/>\n    <span class=\"wpcf7-form-control-wrap your-email\"><input type=\"email\" name=\"your-email\" value=\"\" size=\"40\" class=\"wpcf7-form-control wpcf7-text wpcf7-email wpcf7-validates-as-required wpcf7-validates-as-email\" aria-required=\"true\" aria-invalid=\"false\" \/><\/span> <\/label><\/p>\n<p><label> Your mobile phone : *<br \/>\n    <span class=\"wpcf7-form-control-wrap your-phone\"><input type=\"tel\" name=\"your-phone\" value=\"\" size=\"40\" class=\"wpcf7-form-control wpcf7-text wpcf7-tel wpcf7-validates-as-required wpcf7-validates-as-tel\" aria-required=\"true\" aria-invalid=\"false\" \/><\/span> <\/label><\/p>\n<p><label> Your company :<br \/>\n    <span class=\"wpcf7-form-control-wrap your-company\"><input type=\"text\" name=\"your-company\" value=\"\" size=\"40\" class=\"wpcf7-form-control wpcf7-text\" aria-invalid=\"false\" \/><\/span> <\/label><\/p>\n<p><label> Briefly describe your project (date, number of participants, etc.): *<br \/>\n    <span class=\"wpcf7-form-control-wrap your-message\"><textarea name=\"your-message\" cols=\"40\" rows=\"10\" class=\"wpcf7-form-control wpcf7-textarea wpcf7-validates-as-required\" aria-required=\"true\" aria-invalid=\"false\"><\/textarea><\/span> <\/label><\/p>\n<p><span class=\"wpcf7-form-control-wrap acceptance-648\"><span class=\"wpcf7-form-control wpcf7-acceptance\"><span class=\"wpcf7-list-item\"><label><input type=\"checkbox\" name=\"acceptance-648\" value=\"1\" aria-invalid=\"false\" \/><span class=\"wpcf7-list-item-label\">I agree to be contacted by email by the Ch\u00e2teau de Janvry. Your data will never be passed on to a third party.<\/span><\/label><\/span><\/span><\/span><\/p>\n<p><br\/><\/p>\n<div class=\"submit-c\">\n<a class=\"sf-button medium black slightlyrounded\" href=\"#\"><span>Request a quote<\/span><\/a><\/p>\n<div class=\"show-onlymobile\">\n<div class=\"wpcf7-response-output\" aria-hidden=\"true\"><\/div>\n<\/div>\n<p><input type=\"submit\" value=\"Submit\" class=\"wpcf7-form-control has-spinner wpcf7-submit\" \/><\/p><\/div>\n<\/form><\/div>\n\t\t<\/div> \n\t<\/div> <\/div> \n\t<div class=\"wpb_content_element span4 wpb_text_column\">\n\t\t<div class=\"wpb_wrapper clearfix\">\n\t\t\t\n<p><i><strong>Describe your project<\/strong>, we will call you as soon as possible to find together the best solution on your needs.<\/i><\/p>\n<p><i>You can contact us by phone or email :<\/i><\/p>\n<p><strong>T\u00e9l\u00e9phone : 06 35 45 58 96<\/strong><\/p>\n<p><strong>Email : <a href=\"mailto:contact@chateaudejanvry.com\">contact@chateaudejanvry.com<\/a><\/strong><\/p>\n\n\t\t<\/div> \n\t<\/div> <\/div>\n","protected":false},"excerpt":{"rendered":"","protected":false},"author":461,"featured_media":0,"parent":0,"menu_order":0,"comment_status":"closed","ping_status":"closed","template":"","meta":[],"yoast_head":"<!-- This site is optimized with the Yoast SEO plugin v18.2 - https:\/\/yoast.com\/wordpress\/plugins\/seo\/ -->\n<title>Demande de devis | S\u00e9minaires &amp; Ev\u00e9nementiel l Ch\u00e2teau de Janvry l<\/title>\n<meta name=\"description\" content=\"Vous cherchez un lieu pour votre s\u00e9minaire ou votre \u00e9venement priv\u00e9 ou professionnel ? Demandez-nous un devis, nous vous enverrons une r\u00e9ponse sous 24h\" \/>\n<meta name=\"robots\" content=\"index, follow, max-snippet:-1, max-image-preview:large, max-video-preview:-1\" \/>\n<link rel=\"canonical\" href=\"https:\/\/www.chateaudejanvry.com\/en\/demande-devis-en\/\" \/>\n<meta property=\"og:locale\" content=\"en_US\" \/>\n<meta property=\"og:type\" content=\"article\" \/>\n<meta property=\"og:title\" content=\"Demande de devis | S\u00e9minaires &amp; Ev\u00e9nementiel l Ch\u00e2teau de Janvry l\" \/>\n<meta property=\"og:description\" content=\"Vous cherchez un lieu pour votre s\u00e9minaire ou votre \u00e9venement priv\u00e9 ou professionnel ? Demandez-nous un devis, nous vous enverrons une r\u00e9ponse sous 24h\" \/>\n<meta property=\"og:url\" content=\"https:\/\/www.chateaudejanvry.com\/en\/demande-devis-en\/\" \/>\n<meta property=\"og:site_name\" content=\"S\u00e9minaires &amp; Ev\u00e9nementiel l Ch\u00e2teau de Janvry l\" \/>\n<meta property=\"article:publisher\" content=\"http:\/\/www.facebook.com\/chateaudejanvry\" \/>\n<meta property=\"article:modified_time\" content=\"2020-09-30T12:58:03+00:00\" \/>\n<meta name=\"twitter:card\" content=\"summary\" \/>\n<meta name=\"twitter:site\" content=\"@chateaudejanvry\" \/>\n<meta name=\"twitter:label1\" content=\"Est. reading time\" \/>\n\t<meta name=\"twitter:data1\" content=\"1 minute\" \/>\n<script type=\"application\/ld+json\" class=\"yoast-schema-graph\">{\"@context\":\"https:\/\/schema.org\",\"@graph\":[{\"@type\":\"WebSite\",\"@id\":\"https:\/\/www.chateaudejanvry.com\/#website\",\"url\":\"https:\/\/www.chateaudejanvry.com\/\",\"name\":\"S\u00e9minaires &amp; Ev\u00e9nementiel l Ch\u00e2teau de Janvry l\",\"description\":\"Le Ch\u00e2teau de Janvry est un domaine priv\u00e9 ouvert \u00e0 la location pour vos s\u00e9minaires, vos journ\u00e9es d&#039;\u00e9tude et vos \u00e9v\u00e9nements priv\u00e9s ou professionnels.\",\"potentialAction\":[{\"@type\":\"SearchAction\",\"target\":{\"@type\":\"EntryPoint\",\"urlTemplate\":\"https:\/\/www.chateaudejanvry.com\/?s={search_term_string}\"},\"query-input\":\"required name=search_term_string\"}],\"inLanguage\":\"en-US\"},{\"@type\":\"WebPage\",\"@id\":\"https:\/\/www.chateaudejanvry.com\/en\/demande-devis-en\/#webpage\",\"url\":\"https:\/\/www.chateaudejanvry.com\/en\/demande-devis-en\/\",\"name\":\"Demande de devis | S\u00e9minaires &amp; Ev\u00e9nementiel l Ch\u00e2teau de Janvry l\",\"isPartOf\":{\"@id\":\"https:\/\/www.chateaudejanvry.com\/#website\"},\"datePublished\":\"2016-05-30T09:34:45+00:00\",\"dateModified\":\"2020-09-30T12:58:03+00:00\",\"description\":\"Vous cherchez un lieu pour votre s\u00e9minaire ou votre \u00e9venement priv\u00e9 ou professionnel ? Demandez-nous un devis, nous vous enverrons une r\u00e9ponse sous 24h\",\"breadcrumb\":{\"@id\":\"https:\/\/www.chateaudejanvry.com\/en\/demande-devis-en\/#breadcrumb\"},\"inLanguage\":\"en-US\",\"potentialAction\":[{\"@type\":\"ReadAction\",\"target\":[\"https:\/\/www.chateaudejanvry.com\/en\/demande-devis-en\/\"]}]},{\"@type\":\"BreadcrumbList\",\"@id\":\"https:\/\/www.chateaudejanvry.com\/en\/demande-devis-en\/#breadcrumb\",\"itemListElement\":[{\"@type\":\"ListItem\",\"position\":1,\"name\":\"Accueil\",\"item\":\"https:\/\/www.chateaudejanvry.com\/en\/\"},{\"@type\":\"ListItem\",\"position\":2,\"name\":\"Demande de devis\"}]}]}<\/script>\n<!-- \/ Yoast SEO plugin. -->","yoast_head_json":{"title":"Demande de devis | S\u00e9minaires &amp; Ev\u00e9nementiel l Ch\u00e2teau de Janvry l","description":"Vous cherchez un lieu pour votre s\u00e9minaire ou votre \u00e9venement priv\u00e9 ou professionnel ? Demandez-nous un devis, nous vous enverrons une r\u00e9ponse sous 24h","robots":{"index":"index","follow":"follow","max-snippet":"max-snippet:-1","max-image-preview":"max-image-preview:large","max-video-preview":"max-video-preview:-1"},"canonical":"https:\/\/www.chateaudejanvry.com\/en\/demande-devis-en\/","og_locale":"en_US","og_type":"article","og_title":"Demande de devis | S\u00e9minaires &amp; Ev\u00e9nementiel l Ch\u00e2teau de Janvry l","og_description":"Vous cherchez un lieu pour votre s\u00e9minaire ou votre \u00e9venement priv\u00e9 ou professionnel ? Demandez-nous un devis, nous vous enverrons une r\u00e9ponse sous 24h","og_url":"https:\/\/www.chateaudejanvry.com\/en\/demande-devis-en\/","og_site_name":"S\u00e9minaires &amp; Ev\u00e9nementiel l Ch\u00e2teau de Janvry l","article_publisher":"http:\/\/www.facebook.com\/chateaudejanvry","article_modified_time":"2020-09-30T12:58:03+00:00","twitter_card":"summary","twitter_site":"@chateaudejanvry","twitter_misc":{"Est. reading time":"1 minute"},"schema":{"@context":"https:\/\/schema.org","@graph":[{"@type":"WebSite","@id":"https:\/\/www.chateaudejanvry.com\/#website","url":"https:\/\/www.chateaudejanvry.com\/","name":"S\u00e9minaires &amp; Ev\u00e9nementiel l Ch\u00e2teau de Janvry l","description":"Le Ch\u00e2teau de Janvry est un domaine priv\u00e9 ouvert \u00e0 la location pour vos s\u00e9minaires, vos journ\u00e9es d&#039;\u00e9tude et vos \u00e9v\u00e9nements priv\u00e9s ou professionnels.","potentialAction":[{"@type":"SearchAction","target":{"@type":"EntryPoint","urlTemplate":"https:\/\/www.chateaudejanvry.com\/?s={search_term_string}"},"query-input":"required name=search_term_string"}],"inLanguage":"en-US"},{"@type":"WebPage","@id":"https:\/\/www.chateaudejanvry.com\/en\/demande-devis-en\/#webpage","url":"https:\/\/www.chateaudejanvry.com\/en\/demande-devis-en\/","name":"Demande de devis | S\u00e9minaires &amp; Ev\u00e9nementiel l Ch\u00e2teau de Janvry l","isPartOf":{"@id":"https:\/\/www.chateaudejanvry.com\/#website"},"datePublished":"2016-05-30T09:34:45+00:00","dateModified":"2020-09-30T12:58:03+00:00","description":"Vous cherchez un lieu pour votre s\u00e9minaire ou votre \u00e9venement priv\u00e9 ou professionnel ? Demandez-nous un devis, nous vous enverrons une r\u00e9ponse sous 24h","breadcrumb":{"@id":"https:\/\/www.chateaudejanvry.com\/en\/demande-devis-en\/#breadcrumb"},"inLanguage":"en-US","potentialAction":[{"@type":"ReadAction","target":["https:\/\/www.chateaudejanvry.com\/en\/demande-devis-en\/"]}]},{"@type":"BreadcrumbList","@id":"https:\/\/www.chateaudejanvry.com\/en\/demande-devis-en\/#breadcrumb","itemListElement":[{"@type":"ListItem","position":1,"name":"Accueil","item":"https:\/\/www.chateaudejanvry.com\/en\/"},{"@type":"ListItem","position":2,"name":"Demande de devis"}]}]}},"_links":{"self":[{"href":"https:\/\/www.chateaudejanvry.com\/en\/wp-json\/wp\/v2\/pages\/8614"}],"collection":[{"href":"https:\/\/www.chateaudejanvry.com\/en\/wp-json\/wp\/v2\/pages"}],"about":[{"href":"https:\/\/www.chateaudejanvry.com\/en\/wp-json\/wp\/v2\/types\/page"}],"author":[{"embeddable":true,"href":"https:\/\/www.chateaudejanvry.com\/en\/wp-json\/wp\/v2\/users\/461"}],"replies":[{"embeddable":true,"href":"https:\/\/www.chateaudejanvry.com\/en\/wp-json\/wp\/v2\/comments?post=8614"}],"version-history":[{"count":23,"href":"https:\/\/www.chateaudejanvry.com\/en\/wp-json\/wp\/v2\/pages\/8614\/revisions"}],"predecessor-version":[{"id":23974,"href":"https:\/\/www.chateaudejanvry.com\/en\/wp-json\/wp\/v2\/pages\/8614\/revisions\/23974"}],"wp:attachment":[{"href":"https:\/\/www.chateaudejanvry.com\/en\/wp-json\/wp\/v2\/media?parent=8614"}],"curies":[{"name":"wp","href":"https:\/\/api.w.org\/{rel}","templated":true}]}}