{"id":5329,"date":"2015-03-19T21:53:03","date_gmt":"2015-03-19T21:53:03","guid":{"rendered":"https:\/\/www.chateaudejanvry.com\/?page_id=5329"},"modified":"2020-01-22T11:49:24","modified_gmt":"2020-01-22T11:49:24","slug":"blog-actualites-news","status":"publish","type":"page","link":"https:\/\/www.chateaudejanvry.com\/en\/blog-actualites-news\/","title":{"rendered":"Blog"},"content":{"rendered":"<div class=\"row-fluid \">\n\t<div class=\"wpb_blog_widget wpb_content_element span12\">\n\t\t<div class=\"wpb_wrapper blog-wrap\">\n\t\t\t\t<ul class=\"blog-items masonry-items clearfix\"><\/ul><div class=\"pagination-wrap masonry-pagination\"><\/div>\n\t\t<\/div> \n\t<\/div> <\/div>\n","protected":false},"excerpt":{"rendered":"","protected":false},"author":1,"featured_media":0,"parent":0,"menu_order":0,"comment_status":"open","ping_status":"open","template":"","meta":[],"yoast_head":"<!-- This site is optimized with the Yoast SEO plugin v18.2 - https:\/\/yoast.com\/wordpress\/plugins\/seo\/ -->\n<title>Blog | S\u00e9minaires &amp; Ev\u00e9nementiel l Ch\u00e2teau de Janvry l<\/title>\n<meta name=\"robots\" content=\"index, follow, max-snippet:-1, max-image-preview:large, max-video-preview:-1\" \/>\n<link rel=\"canonical\" href=\"https:\/\/www.chateaudejanvry.com\/en\/blog-actualites-news\/\" \/>\n<meta property=\"og:locale\" content=\"en_US\" \/>\n<meta property=\"og:type\" content=\"article\" \/>\n<meta property=\"og:title\" content=\"Blog | S\u00e9minaires &amp; Ev\u00e9nementiel l Ch\u00e2teau de Janvry l\" \/>\n<meta property=\"og:url\" content=\"https:\/\/www.chateaudejanvry.com\/en\/blog-actualites-news\/\" \/>\n<meta property=\"og:site_name\" content=\"S\u00e9minaires &amp; Ev\u00e9nementiel l Ch\u00e2teau de Janvry l\" \/>\n<meta property=\"article:publisher\" content=\"http:\/\/www.facebook.com\/chateaudejanvry\" \/>\n<meta property=\"article:modified_time\" content=\"2020-01-22T11:49:24+00:00\" \/>\n<meta name=\"twitter:card\" content=\"summary\" \/>\n<meta name=\"twitter:site\" content=\"@chateaudejanvry\" \/>\n<script type=\"application\/ld+json\" class=\"yoast-schema-graph\">{\"@context\":\"https:\/\/schema.org\",\"@graph\":[{\"@type\":\"WebSite\",\"@id\":\"https:\/\/www.chateaudejanvry.com\/#website\",\"url\":\"https:\/\/www.chateaudejanvry.com\/\",\"name\":\"S\u00e9minaires &amp; Ev\u00e9nementiel l Ch\u00e2teau de Janvry l\",\"description\":\"Le Ch\u00e2teau de Janvry est un domaine priv\u00e9 ouvert \u00e0 la location pour vos s\u00e9minaires, vos journ\u00e9es d&#039;\u00e9tude et vos \u00e9v\u00e9nements priv\u00e9s ou professionnels.\",\"potentialAction\":[{\"@type\":\"SearchAction\",\"target\":{\"@type\":\"EntryPoint\",\"urlTemplate\":\"https:\/\/www.chateaudejanvry.com\/?s={search_term_string}\"},\"query-input\":\"required name=search_term_string\"}],\"inLanguage\":\"en-US\"},{\"@type\":\"WebPage\",\"@id\":\"https:\/\/www.chateaudejanvry.com\/en\/blog-actualites-news\/#webpage\",\"url\":\"https:\/\/www.chateaudejanvry.com\/en\/blog-actualites-news\/\",\"name\":\"Blog | S\u00e9minaires &amp; Ev\u00e9nementiel l Ch\u00e2teau de Janvry l\",\"isPartOf\":{\"@id\":\"https:\/\/www.chateaudejanvry.com\/#website\"},\"datePublished\":\"2015-03-19T21:53:03+00:00\",\"dateModified\":\"2020-01-22T11:49:24+00:00\",\"breadcrumb\":{\"@id\":\"https:\/\/www.chateaudejanvry.com\/en\/blog-actualites-news\/#breadcrumb\"},\"inLanguage\":\"en-US\",\"potentialAction\":[{\"@type\":\"ReadAction\",\"target\":[\"https:\/\/www.chateaudejanvry.com\/en\/blog-actualites-news\/\"]}]},{\"@type\":\"BreadcrumbList\",\"@id\":\"https:\/\/www.chateaudejanvry.com\/en\/blog-actualites-news\/#breadcrumb\",\"itemListElement\":[{\"@type\":\"ListItem\",\"position\":1,\"name\":\"Accueil\",\"item\":\"https:\/\/www.chateaudejanvry.com\/en\/\"},{\"@type\":\"ListItem\",\"position\":2,\"name\":\"Blog\"}]}]}<\/script>\n<!-- \/ Yoast SEO plugin. -->","yoast_head_json":{"title":"Blog | S\u00e9minaires &amp; Ev\u00e9nementiel l Ch\u00e2teau de Janvry l","robots":{"index":"index","follow":"follow","max-snippet":"max-snippet:-1","max-image-preview":"max-image-preview:large","max-video-preview":"max-video-preview:-1"},"canonical":"https:\/\/www.chateaudejanvry.com\/en\/blog-actualites-news\/","og_locale":"en_US","og_type":"article","og_title":"Blog | S\u00e9minaires &amp; Ev\u00e9nementiel l Ch\u00e2teau de Janvry l","og_url":"https:\/\/www.chateaudejanvry.com\/en\/blog-actualites-news\/","og_site_name":"S\u00e9minaires &amp; Ev\u00e9nementiel l Ch\u00e2teau de Janvry l","article_publisher":"http:\/\/www.facebook.com\/chateaudejanvry","article_modified_time":"2020-01-22T11:49:24+00:00","twitter_card":"summary","twitter_site":"@chateaudejanvry","schema":{"@context":"https:\/\/schema.org","@graph":[{"@type":"WebSite","@id":"https:\/\/www.chateaudejanvry.com\/#website","url":"https:\/\/www.chateaudejanvry.com\/","name":"S\u00e9minaires &amp; Ev\u00e9nementiel l Ch\u00e2teau de Janvry l","description":"Le Ch\u00e2teau de Janvry est un domaine priv\u00e9 ouvert \u00e0 la location pour vos s\u00e9minaires, vos journ\u00e9es d&#039;\u00e9tude et vos \u00e9v\u00e9nements priv\u00e9s ou professionnels.","potentialAction":[{"@type":"SearchAction","target":{"@type":"EntryPoint","urlTemplate":"https:\/\/www.chateaudejanvry.com\/?s={search_term_string}"},"query-input":"required name=search_term_string"}],"inLanguage":"en-US"},{"@type":"WebPage","@id":"https:\/\/www.chateaudejanvry.com\/en\/blog-actualites-news\/#webpage","url":"https:\/\/www.chateaudejanvry.com\/en\/blog-actualites-news\/","name":"Blog | S\u00e9minaires &amp; Ev\u00e9nementiel l Ch\u00e2teau de Janvry l","isPartOf":{"@id":"https:\/\/www.chateaudejanvry.com\/#website"},"datePublished":"2015-03-19T21:53:03+00:00","dateModified":"2020-01-22T11:49:24+00:00","breadcrumb":{"@id":"https:\/\/www.chateaudejanvry.com\/en\/blog-actualites-news\/#breadcrumb"},"inLanguage":"en-US","potentialAction":[{"@type":"ReadAction","target":["https:\/\/www.chateaudejanvry.com\/en\/blog-actualites-news\/"]}]},{"@type":"BreadcrumbList","@id":"https:\/\/www.chateaudejanvry.com\/en\/blog-actualites-news\/#breadcrumb","itemListElement":[{"@type":"ListItem","position":1,"name":"Accueil","item":"https:\/\/www.chateaudejanvry.com\/en\/"},{"@type":"ListItem","position":2,"name":"Blog"}]}]}},"_links":{"self":[{"href":"https:\/\/www.chateaudejanvry.com\/en\/wp-json\/wp\/v2\/pages\/5329"}],"collection":[{"href":"https:\/\/www.chateaudejanvry.com\/en\/wp-json\/wp\/v2\/pages"}],"about":[{"href":"https:\/\/www.chateaudejanvry.com\/en\/wp-json\/wp\/v2\/types\/page"}],"author":[{"embeddable":true,"href":"https:\/\/www.chateaudejanvry.com\/en\/wp-json\/wp\/v2\/users\/1"}],"replies":[{"embeddable":true,"href":"https:\/\/www.chateaudejanvry.com\/en\/wp-json\/wp\/v2\/comments?post=5329"}],"version-history":[{"count":10,"href":"https:\/\/www.chateaudejanvry.com\/en\/wp-json\/wp\/v2\/pages\/5329\/revisions"}],"predecessor-version":[{"id":6897,"href":"https:\/\/www.chateaudejanvry.com\/en\/wp-json\/wp\/v2\/pages\/5329\/revisions\/6897"}],"wp:attachment":[{"href":"https:\/\/www.chateaudejanvry.com\/en\/wp-json\/wp\/v2\/media?parent=5329"}],"curies":[{"name":"wp","href":"https:\/\/api.w.org\/{rel}","templated":true}]}}