{"id":5318,"date":"2015-04-28T06:53:13","date_gmt":"2015-04-28T06:53:13","guid":{"rendered":"https:\/\/www.chateaudejanvry.com\/?page_id=5318"},"modified":"2021-05-20T14:51:20","modified_gmt":"2021-05-20T14:51:20","slug":"where-are-we","status":"publish","type":"page","link":"https:\/\/www.chateaudejanvry.com\/en\/where-are-we\/","title":{"rendered":"Where are we"},"content":{"rendered":"<div class=\"row-fluid \">\n\t<div class=\"wpb_content_element span12 wpb_text_column\">\n\t\t<div class=\"wpb_wrapper clearfix\">\n\t\t\t\n<p><iframe loading=\"lazy\" style=\"border: 0;\" src=\"https:\/\/www.google.com\/maps\/embed?pb=!1m18!1m12!1m3!1d2635.993179690285!2d2.151318315627014!3d48.64824567926741!2m3!1f0!2f0!3f0!3m2!1i1024!2i768!4f13.1!3m3!1m2!1s0x47e5d439e886d00d%3A0xd0725a7826cd08f9!2s2+Rue+du+Marchais%2C+91640+Janvry!5e0!3m2!1sfr!2sfr!4v1552569411045\" width=\"942\" height=\"345\" frameborder=\"0\" allowfullscreen=\"allowfullscreen\"><\/iframe><\/p>\n\n\t\t<\/div> \n\t<\/div> <\/div> <div class=\"row-fluid \">\n\t<div class=\"wpb_content_element span8 wpb_text_column\">\n\t\t<div class=\"wpb_wrapper clearfix\">\n\t\t\t\n<h1>Where are we ?<\/h1>\n<p><em>The Ch\u00e2teau de Janvry is located only 35 minutes south of Paris.<\/em><\/p>\n<p>Reception : 2, rue du Marchais 91640 Janvry<br \/>\nDeliveries : 1, place de l&#8217;Eglise 91640 Janvry<br \/>\nMail : 1, rue Charles Lamoureux 75116 Paris<\/p>\n\n\t\t<\/div> \n\t<\/div>  \n\t<div class=\"wpb_content_element span4 wpb_text_column\">\n\t\t<div class=\"wpb_wrapper clearfix\">\n\t\t\t\n<a class=\"sf-button normal black slightlyrounded\" href=\"https:\/\/www.chateaudejanvry.com\/wp-content\/uploads\/2021\/05\/Plan_Janvry-en.pdf\" target=\"_blank\"><span>DOWNLOAD ACCES MAP<\/span><\/a>\n<p>&#8211; Paris : 35 minutes<br \/>\n&#8211; Gare SNCF Massy Palaiseau : 30 minutes<br \/>\n&#8211; Gare RER B Orsay-Ville : 15 minutes<br \/>\n&#8211; Roissy Charles de Gaulle : 1h15 minutes<br \/>\n&#8211; Orly : 30 minutes<\/p>\n\n\t\t<\/div> \n\t<\/div> <\/div>\n","protected":false},"excerpt":{"rendered":"","protected":false},"author":1,"featured_media":0,"parent":0,"menu_order":0,"comment_status":"open","ping_status":"open","template":"","meta":[],"yoast_head":"<!-- This site is optimized with the Yoast SEO plugin v18.2 - https:\/\/yoast.com\/wordpress\/plugins\/seo\/ -->\n<title>Where are we | S\u00e9minaires &amp; Ev\u00e9nementiel l Ch\u00e2teau de Janvry l<\/title>\n<meta name=\"robots\" content=\"index, follow, max-snippet:-1, max-image-preview:large, max-video-preview:-1\" \/>\n<link rel=\"canonical\" href=\"https:\/\/www.chateaudejanvry.com\/en\/where-are-we\/\" \/>\n<meta property=\"og:locale\" content=\"en_US\" \/>\n<meta property=\"og:type\" content=\"article\" \/>\n<meta property=\"og:title\" content=\"Where are we | S\u00e9minaires &amp; Ev\u00e9nementiel l Ch\u00e2teau de Janvry l\" \/>\n<meta property=\"og:url\" content=\"https:\/\/www.chateaudejanvry.com\/en\/where-are-we\/\" \/>\n<meta property=\"og:site_name\" content=\"S\u00e9minaires &amp; Ev\u00e9nementiel l Ch\u00e2teau de Janvry l\" \/>\n<meta property=\"article:publisher\" content=\"http:\/\/www.facebook.com\/chateaudejanvry\" \/>\n<meta property=\"article:modified_time\" content=\"2021-05-20T14:51:20+00:00\" \/>\n<meta name=\"twitter:card\" content=\"summary\" \/>\n<meta name=\"twitter:site\" content=\"@chateaudejanvry\" \/>\n<meta name=\"twitter:label1\" content=\"Est. reading time\" \/>\n\t<meta name=\"twitter:data1\" content=\"1 minute\" \/>\n<script type=\"application\/ld+json\" class=\"yoast-schema-graph\">{\"@context\":\"https:\/\/schema.org\",\"@graph\":[{\"@type\":\"WebSite\",\"@id\":\"https:\/\/www.chateaudejanvry.com\/#website\",\"url\":\"https:\/\/www.chateaudejanvry.com\/\",\"name\":\"S\u00e9minaires &amp; Ev\u00e9nementiel l Ch\u00e2teau de Janvry l\",\"description\":\"Le Ch\u00e2teau de Janvry est un domaine priv\u00e9 ouvert \u00e0 la location pour vos s\u00e9minaires, vos journ\u00e9es d&#039;\u00e9tude et vos \u00e9v\u00e9nements priv\u00e9s ou professionnels.\",\"potentialAction\":[{\"@type\":\"SearchAction\",\"target\":{\"@type\":\"EntryPoint\",\"urlTemplate\":\"https:\/\/www.chateaudejanvry.com\/?s={search_term_string}\"},\"query-input\":\"required name=search_term_string\"}],\"inLanguage\":\"en-US\"},{\"@type\":\"WebPage\",\"@id\":\"https:\/\/www.chateaudejanvry.com\/en\/where-are-we\/#webpage\",\"url\":\"https:\/\/www.chateaudejanvry.com\/en\/where-are-we\/\",\"name\":\"Where are we | S\u00e9minaires &amp; Ev\u00e9nementiel l Ch\u00e2teau de Janvry l\",\"isPartOf\":{\"@id\":\"https:\/\/www.chateaudejanvry.com\/#website\"},\"datePublished\":\"2015-04-28T06:53:13+00:00\",\"dateModified\":\"2021-05-20T14:51:20+00:00\",\"breadcrumb\":{\"@id\":\"https:\/\/www.chateaudejanvry.com\/en\/where-are-we\/#breadcrumb\"},\"inLanguage\":\"en-US\",\"potentialAction\":[{\"@type\":\"ReadAction\",\"target\":[\"https:\/\/www.chateaudejanvry.com\/en\/where-are-we\/\"]}]},{\"@type\":\"BreadcrumbList\",\"@id\":\"https:\/\/www.chateaudejanvry.com\/en\/where-are-we\/#breadcrumb\",\"itemListElement\":[{\"@type\":\"ListItem\",\"position\":1,\"name\":\"Accueil\",\"item\":\"https:\/\/www.chateaudejanvry.com\/en\/\"},{\"@type\":\"ListItem\",\"position\":2,\"name\":\"Where are we\"}]}]}<\/script>\n<!-- \/ Yoast SEO plugin. -->","yoast_head_json":{"title":"Where are we | S\u00e9minaires &amp; Ev\u00e9nementiel l Ch\u00e2teau de Janvry l","robots":{"index":"index","follow":"follow","max-snippet":"max-snippet:-1","max-image-preview":"max-image-preview:large","max-video-preview":"max-video-preview:-1"},"canonical":"https:\/\/www.chateaudejanvry.com\/en\/where-are-we\/","og_locale":"en_US","og_type":"article","og_title":"Where are we | S\u00e9minaires &amp; Ev\u00e9nementiel l Ch\u00e2teau de Janvry l","og_url":"https:\/\/www.chateaudejanvry.com\/en\/where-are-we\/","og_site_name":"S\u00e9minaires &amp; Ev\u00e9nementiel l Ch\u00e2teau de Janvry l","article_publisher":"http:\/\/www.facebook.com\/chateaudejanvry","article_modified_time":"2021-05-20T14:51:20+00:00","twitter_card":"summary","twitter_site":"@chateaudejanvry","twitter_misc":{"Est. reading time":"1 minute"},"schema":{"@context":"https:\/\/schema.org","@graph":[{"@type":"WebSite","@id":"https:\/\/www.chateaudejanvry.com\/#website","url":"https:\/\/www.chateaudejanvry.com\/","name":"S\u00e9minaires &amp; Ev\u00e9nementiel l Ch\u00e2teau de Janvry l","description":"Le Ch\u00e2teau de Janvry est un domaine priv\u00e9 ouvert \u00e0 la location pour vos s\u00e9minaires, vos journ\u00e9es d&#039;\u00e9tude et vos \u00e9v\u00e9nements priv\u00e9s ou professionnels.","potentialAction":[{"@type":"SearchAction","target":{"@type":"EntryPoint","urlTemplate":"https:\/\/www.chateaudejanvry.com\/?s={search_term_string}"},"query-input":"required name=search_term_string"}],"inLanguage":"en-US"},{"@type":"WebPage","@id":"https:\/\/www.chateaudejanvry.com\/en\/where-are-we\/#webpage","url":"https:\/\/www.chateaudejanvry.com\/en\/where-are-we\/","name":"Where are we | S\u00e9minaires &amp; Ev\u00e9nementiel l Ch\u00e2teau de Janvry l","isPartOf":{"@id":"https:\/\/www.chateaudejanvry.com\/#website"},"datePublished":"2015-04-28T06:53:13+00:00","dateModified":"2021-05-20T14:51:20+00:00","breadcrumb":{"@id":"https:\/\/www.chateaudejanvry.com\/en\/where-are-we\/#breadcrumb"},"inLanguage":"en-US","potentialAction":[{"@type":"ReadAction","target":["https:\/\/www.chateaudejanvry.com\/en\/where-are-we\/"]}]},{"@type":"BreadcrumbList","@id":"https:\/\/www.chateaudejanvry.com\/en\/where-are-we\/#breadcrumb","itemListElement":[{"@type":"ListItem","position":1,"name":"Accueil","item":"https:\/\/www.chateaudejanvry.com\/en\/"},{"@type":"ListItem","position":2,"name":"Where are we"}]}]}},"_links":{"self":[{"href":"https:\/\/www.chateaudejanvry.com\/en\/wp-json\/wp\/v2\/pages\/5318"}],"collection":[{"href":"https:\/\/www.chateaudejanvry.com\/en\/wp-json\/wp\/v2\/pages"}],"about":[{"href":"https:\/\/www.chateaudejanvry.com\/en\/wp-json\/wp\/v2\/types\/page"}],"author":[{"embeddable":true,"href":"https:\/\/www.chateaudejanvry.com\/en\/wp-json\/wp\/v2\/users\/1"}],"replies":[{"embeddable":true,"href":"https:\/\/www.chateaudejanvry.com\/en\/wp-json\/wp\/v2\/comments?post=5318"}],"version-history":[{"count":14,"href":"https:\/\/www.chateaudejanvry.com\/en\/wp-json\/wp\/v2\/pages\/5318\/revisions"}],"predecessor-version":[{"id":25573,"href":"https:\/\/www.chateaudejanvry.com\/en\/wp-json\/wp\/v2\/pages\/5318\/revisions\/25573"}],"wp:attachment":[{"href":"https:\/\/www.chateaudejanvry.com\/en\/wp-json\/wp\/v2\/media?parent=5318"}],"curies":[{"name":"wp","href":"https:\/\/api.w.org\/{rel}","templated":true}]}}