{"id":5285,"date":"2015-04-28T06:11:35","date_gmt":"2015-04-28T06:11:35","guid":{"rendered":"https:\/\/www.chateaudejanvry.com\/?page_id=5285"},"modified":"2020-01-22T11:48:30","modified_gmt":"2020-01-22T11:48:30","slug":"big-game-driven-hunt","status":"publish","type":"page","link":"https:\/\/www.chateaudejanvry.com\/en\/big-game-driven-hunt\/","title":{"rendered":"Big Game Driven Hunt"},"content":{"rendered":"<div class=\"row-fluid \">\n\t<div class=\"wpb_showcase_widget wpb_content_element span12\">\n\t\t<div class=\"wpb_wrapper showcase-wrap\">\n\t\t\t\t<div class=\"home-slider-wrap\">\n\t\t\t<!-- START Battue de Gros REVOLUTION SLIDER 6.4.3 --><p class=\"rs-p-wp-fix\"><\/p>\n\t\t\t<rs-module-wrap id=\"rev_slider_7_1_wrapper\" data-source=\"gallery\" data-aimg=\"\"  style=\"background:#E9E9E9;padding:0;margin:0px auto;margin-top:0;margin-bottom:0;\">\n\t\t\t\t<rs-module id=\"rev_slider_7_1\" style=\"\" data-version=\"6.4.3\">\n\t\t\t\t\t<rs-slides>\n\t\t\t\t\t\t<rs-slide data-key=\"rs-65\" data-title=\"Slide\" data-anim=\"ms:600;\" data-in=\"o:0;\" data-out=\"a:false;\">\n\t\t\t\t\t\t\t<img src=\"\/\/www.chateaudejanvry.com\/wp-content\/uploads\/2015\/04\/battue_aux_sangliers_chasse_grand_gibier.jpg\" title=\"Big Game Driven Hunt\" class=\"rev-slidebg\" data-no-retina>\n<!---->\t\t\t\t\t\t<\/rs-slide>\n\t\t\t\t\t\t<rs-slide data-key=\"rs-66\" data-title=\"Slide\" data-anim=\"ms:600;\" data-in=\"o:0;\" data-out=\"a:false;\">\n\t\t\t\t\t\t\t<img src=\"\/\/www.chateaudejanvry.com\/wp-content\/uploads\/2015\/04\/chasse_gros_gibier_sanglier_essonne.jpg\" title=\"Big Game Driven Hunt\" data-bg=\"p:center top;\" class=\"rev-slidebg\" data-no-retina>\n<!--\n\t\t\t\t\t\t\t--><rs-layer\n\t\t\t\t\t\t\t\tid=\"slider-7-slide-66-layer-1\" \n\t\t\t\t\t\t\t\tclass=\"black\"\n\t\t\t\t\t\t\t\tdata-type=\"text\"\n\t\t\t\t\t\t\t\tdata-color=\"#000\"\n\t\t\t\t\t\t\t\tdata-rsp_ch=\"on\"\n\t\t\t\t\t\t\t\tdata-xy=\"x:553px;y:528px;\"\n\t\t\t\t\t\t\t\tdata-frame_1=\"st:500;\"\n\t\t\t\t\t\t\t\tdata-frame_999=\"st:w;auto:true;\"\n\t\t\t\t\t\t\t\tstyle=\"z-index:5;font-family:Roboto;text-shadow:none;\"\n\t\t\t\t\t\t\t>Caption Text1 \n\t\t\t\t\t\t\t<\/rs-layer><!--\n\n\t\t\t\t\t\t\t--><rs-layer\n\t\t\t\t\t\t\t\tid=\"slider-7-slide-66-layer-2\" \n\t\t\t\t\t\t\t\tdata-type=\"image\"\n\t\t\t\t\t\t\t\tdata-rsp_ch=\"on\"\n\t\t\t\t\t\t\t\tdata-xy=\"x:390px;y:382px;\"\n\t\t\t\t\t\t\t\tdata-dim=\"w:973.2011331444759;h:356;\"\n\t\t\t\t\t\t\t\tdata-frame_1=\"st:500;\"\n\t\t\t\t\t\t\t\tdata-frame_999=\"st:w;auto:true;\"\n\t\t\t\t\t\t\t\tstyle=\"z-index:6;\"\n\t\t\t\t\t\t\t><img src=\"\/\/www.chateaudejanvry.com\/wp-content\/uploads\/2015\/04\/chasse_gros_gibier_sanglier_essonne.jpg\" width=\"940\" height=\"344\" data-no-retina> \n\t\t\t\t\t\t\t<\/rs-layer><!--\n-->\t\t\t\t\t\t<\/rs-slide>\n\t\t\t\t\t\t<rs-slide data-key=\"rs-67\" data-title=\"Slide\" data-anim=\"ms:600;\" data-in=\"o:0;\" data-out=\"a:false;\">\n\t\t\t\t\t\t\t<img src=\"\/\/www.chateaudejanvry.com\/wp-content\/uploads\/2015\/04\/chasse_louer_chasse_a_la_journee_chasse_devant_soi.jpg\" title=\"Big Game Driven Hunt\" data-bg=\"p:center top;\" class=\"rev-slidebg\" data-no-retina>\n<!---->\t\t\t\t\t\t<\/rs-slide>\n\t\t\t\t\t\t<rs-slide data-key=\"rs-68\" data-title=\"Slide\" data-anim=\"ms:600;\" data-in=\"o:0;\" data-out=\"a:false;\">\n\t\t\t\t\t\t\t<img src=\"\/\/www.chateaudejanvry.com\/wp-content\/uploads\/2016\/04\/la_chasse_au_sanglier_a_la_journ\u00e9e_chasse_au_gros.jpg\" title=\"Big Game Driven Hunt\" class=\"rev-slidebg\" data-no-retina>\n<!---->\t\t\t\t\t\t<\/rs-slide>\n\t\t\t\t\t<\/rs-slides>\n\t\t\t\t<\/rs-module>\n\t\t\t\t<script type=\"text\/javascript\">\n\t\t\t\t\tsetREVStartSize({c: 'rev_slider_7_1',rl:[1240,1024,778,480],el:[],gw:[960],gh:[350],type:'standard',justify:'',layout:'fullwidth',mh:\"350\"});\n\t\t\t\t\tvar\trevapi7,\n\t\t\t\t\t\ttpj;\n\t\t\t\t\tfunction revinit_revslider71() {\n\t\t\t\t\tjQuery(function() {\n\t\t\t\t\t\ttpj = jQuery;\n\t\t\t\t\t\trevapi7 = tpj(\"#rev_slider_7_1\");\n\t\t\t\t\t\ttpj.noConflict();\n\t\t\t\t\t\tif(revapi7==undefined || revapi7.revolution == undefined){\n\t\t\t\t\t\t\trevslider_showDoubleJqueryError(\"rev_slider_7_1\");\n\t\t\t\t\t\t}else{\n\t\t\t\t\t\t\trevapi7.revolution({\n\t\t\t\t\t\t\t\tsliderLayout:\"fullwidth\",\n\t\t\t\t\t\t\t\tduration:3000,\n\t\t\t\t\t\t\t\tvisibilityLevels:\"1240,1024,778,480\",\n\t\t\t\t\t\t\t\tgridwidth:960,\n\t\t\t\t\t\t\t\tgridheight:350,\n\t\t\t\t\t\t\t\tminHeight:350,\n\t\t\t\t\t\t\t\tspinner:\"spinner0\",\n\t\t\t\t\t\t\t\tperspectiveType:\"local\",\n\t\t\t\t\t\t\t\tresponsiveLevels:\"1240,1024,778,480\",\n\t\t\t\t\t\t\t\tprogressBar: {\n\t\t\t\t\t\t\t\t\tcolor:\"#FFFFFF\",\n\t\t\t\t\t\t\t\t\tvertical:\"top\",\n\t\t\t\t\t\t\t\t\tsize:5\n\t\t\t\t\t\t\t\t},\n\t\t\t\t\t\t\t\tnavigation: {\n\t\t\t\t\t\t\t\t\tmouseScrollNavigation:false,\n\t\t\t\t\t\t\t\t\ttouch: {\n\t\t\t\t\t\t\t\t\t\ttouchenabled:true\n\t\t\t\t\t\t\t\t\t}\n\t\t\t\t\t\t\t\t},\n\t\t\t\t\t\t\t\tfallbacks: {\n\t\t\t\t\t\t\t\t\tallowHTML5AutoPlayOnAndroid:true\n\t\t\t\t\t\t\t\t},\n\t\t\t\t\t\t\t});\n\t\t\t\t\t\t}\n\t\t\t\t\t\t\n\t\t\t\t\t});\n\t\t\t\t\t} \/\/ End of RevInitScript\n\t\t\t\tvar once_revslider71 = false;\n\t\t\t\tif (document.readyState === \"loading\") {document.addEventListener('readystatechange',function() { if((document.readyState === \"interactive\" || document.readyState === \"complete\") && !once_revslider71 ) { once_revslider71 = true; revinit_revslider71();}});} else {once_revslider71 = true; revinit_revslider71();}\n\t\t\t\t<\/script>\n\t\t\t<\/rs-module-wrap>\n\t\t\t<!-- END REVOLUTION SLIDER -->\n<\/div>\n\t\t<\/div> \n\t<\/div> <\/div> <div class=\"row-fluid \">\n\t<div class=\"wpb_content_element span12 wpb_text_column\">\n\t\t<div class=\"wpb_wrapper clearfix\">\n\t\t\t\n<h1>Big game driven hunt<\/h1>\n\n\t\t<\/div> \n\t<\/div> <\/div> <div class=\"row-fluid \">\n\t<div class=\"wpb_content_element span8 wpb_text_column\">\n\t\t<div class=\"wpb_wrapper clearfix\">\n\t\t\t<div class=\"heading-wrap\"><h3 class=\"wpb_heading wpb_text_heading\"><span>Listening to the forest, adrenalin levels peaking<\/span><\/h3><\/div>\n\t\t\t\n<p>On our 700 hectares property with an open forest, join us for red deer, roebuck and wild boar driven hunts.<\/p>\n<div>You join a group of up to 22 rifles, where security will always be our first priority.<\/div>\n<div><\/div>\n<div>The hunt is followed by a late lunch shared with the group, in the ancient 17th century, original kitchen of the chateau.<\/div>\n<div><\/div>\n<div><\/div>\n<div><\/div>\n<p>&nbsp;<\/p>\n<table class=\"sf-table standard_minimal\"><tbody>\n<tr>\n<th>Our other hunts<\/th>\n<\/tr>\n<tr>\n<td><a title=\"Driven Hunt\" href=\"https:\/\/www.chateaudejanvry.com\/en\/driven-hunt\/\/\">Driven hunt<\/a><\/td>\n<\/tr>\n<tr>\n<td><a title=\"Mixed driven-walking hunt\" href=\"https:\/\/www.chateaudejanvry.com\/en\/mixed-driven-walking-hunt\/\/\">Mixed driven-walking hunt<\/a><\/td>\n<\/tr>\n<tr>\n<td><a href=\"https:\/\/www.chateaudejanvry.com\/en\/simulated-game-shooting\/\">Simulated game shooting<\/a><\/td>\n<\/tr>\n<\/tbody><\/table>\n\n\t\t<\/div> \n\t<\/div>  \n\t<div class=\"wpb_content_element span4 wpb_text_column\">\n\t\t<div class=\"wpb_wrapper clearfix\">\n\t\t\t\n<p><strong><i class=\"icon-pencil sf-icon sf-icon-float-none icon-small\"><\/i>\u00a0DETAILS :<\/strong><\/p>\n<p>&#8211; The day starts at 8:30 am with a breakfast. 3 drives will be organized, with a break in the forest, followed by a late\u00a0lunch served at the Ch\u00e2teau.<br \/>\n&#8211; Group will share the venison.<br \/>\n&#8211; From September 18th until February 28th.<\/p>\n<p>For non-French residents, we will assist you with all administrative requirements (license, insurance, etc).<\/p>\n<p>We have rifles and ammunitions available upon request.<\/p>\n<a class=\"sf-button medium lightgrey slightlyrounded\" href=\"https:\/\/www.chateaudejanvry.com\/wp-content\/uploads\/2016\/04\/JanvryUS_Big_game_driven_hunt_1617.pdf\" target=\"_blank\"><span>Download PDF<\/span><\/a>\n\n\t\t<\/div> \n\t<\/div> <\/div>\n","protected":false},"excerpt":{"rendered":"","protected":false},"author":1,"featured_media":0,"parent":0,"menu_order":0,"comment_status":"open","ping_status":"closed","template":"","meta":[],"yoast_head":"<!-- This site is optimized with the Yoast SEO plugin v18.2 - https:\/\/yoast.com\/wordpress\/plugins\/seo\/ -->\n<title>Big Game Driven Hunt | S\u00e9minaires &amp; Ev\u00e9nementiel l Ch\u00e2teau de Janvry l<\/title>\n<meta name=\"robots\" content=\"index, follow, max-snippet:-1, max-image-preview:large, max-video-preview:-1\" \/>\n<link rel=\"canonical\" href=\"https:\/\/www.chateaudejanvry.com\/en\/big-game-driven-hunt\/\" \/>\n<meta property=\"og:locale\" content=\"en_US\" \/>\n<meta property=\"og:type\" content=\"article\" \/>\n<meta property=\"og:title\" content=\"Big Game Driven Hunt | S\u00e9minaires &amp; Ev\u00e9nementiel l Ch\u00e2teau de Janvry l\" \/>\n<meta property=\"og:url\" content=\"https:\/\/www.chateaudejanvry.com\/en\/big-game-driven-hunt\/\" \/>\n<meta property=\"og:site_name\" content=\"S\u00e9minaires &amp; Ev\u00e9nementiel l Ch\u00e2teau de Janvry l\" \/>\n<meta property=\"article:publisher\" content=\"http:\/\/www.facebook.com\/chateaudejanvry\" \/>\n<meta property=\"article:modified_time\" content=\"2020-01-22T11:48:30+00:00\" \/>\n<meta name=\"twitter:card\" content=\"summary\" \/>\n<meta name=\"twitter:site\" content=\"@chateaudejanvry\" \/>\n<meta name=\"twitter:label1\" content=\"Est. reading time\" \/>\n\t<meta name=\"twitter:data1\" content=\"1 minute\" \/>\n<script type=\"application\/ld+json\" class=\"yoast-schema-graph\">{\"@context\":\"https:\/\/schema.org\",\"@graph\":[{\"@type\":\"WebSite\",\"@id\":\"https:\/\/www.chateaudejanvry.com\/#website\",\"url\":\"https:\/\/www.chateaudejanvry.com\/\",\"name\":\"S\u00e9minaires &amp; Ev\u00e9nementiel l Ch\u00e2teau de Janvry l\",\"description\":\"Le Ch\u00e2teau de Janvry est un domaine priv\u00e9 ouvert \u00e0 la location pour vos s\u00e9minaires, vos journ\u00e9es d&#039;\u00e9tude et vos \u00e9v\u00e9nements priv\u00e9s ou professionnels.\",\"potentialAction\":[{\"@type\":\"SearchAction\",\"target\":{\"@type\":\"EntryPoint\",\"urlTemplate\":\"https:\/\/www.chateaudejanvry.com\/?s={search_term_string}\"},\"query-input\":\"required name=search_term_string\"}],\"inLanguage\":\"en-US\"},{\"@type\":\"WebPage\",\"@id\":\"https:\/\/www.chateaudejanvry.com\/en\/big-game-driven-hunt\/#webpage\",\"url\":\"https:\/\/www.chateaudejanvry.com\/en\/big-game-driven-hunt\/\",\"name\":\"Big Game Driven Hunt | S\u00e9minaires &amp; Ev\u00e9nementiel l Ch\u00e2teau de Janvry l\",\"isPartOf\":{\"@id\":\"https:\/\/www.chateaudejanvry.com\/#website\"},\"datePublished\":\"2015-04-28T06:11:35+00:00\",\"dateModified\":\"2020-01-22T11:48:30+00:00\",\"breadcrumb\":{\"@id\":\"https:\/\/www.chateaudejanvry.com\/en\/big-game-driven-hunt\/#breadcrumb\"},\"inLanguage\":\"en-US\",\"potentialAction\":[{\"@type\":\"ReadAction\",\"target\":[\"https:\/\/www.chateaudejanvry.com\/en\/big-game-driven-hunt\/\"]}]},{\"@type\":\"BreadcrumbList\",\"@id\":\"https:\/\/www.chateaudejanvry.com\/en\/big-game-driven-hunt\/#breadcrumb\",\"itemListElement\":[{\"@type\":\"ListItem\",\"position\":1,\"name\":\"Accueil\",\"item\":\"https:\/\/www.chateaudejanvry.com\/en\/\"},{\"@type\":\"ListItem\",\"position\":2,\"name\":\"Big Game Driven Hunt\"}]}]}<\/script>\n<!-- \/ Yoast SEO plugin. -->","yoast_head_json":{"title":"Big Game Driven Hunt | S\u00e9minaires &amp; Ev\u00e9nementiel l Ch\u00e2teau de Janvry l","robots":{"index":"index","follow":"follow","max-snippet":"max-snippet:-1","max-image-preview":"max-image-preview:large","max-video-preview":"max-video-preview:-1"},"canonical":"https:\/\/www.chateaudejanvry.com\/en\/big-game-driven-hunt\/","og_locale":"en_US","og_type":"article","og_title":"Big Game Driven Hunt | S\u00e9minaires &amp; Ev\u00e9nementiel l Ch\u00e2teau de Janvry l","og_url":"https:\/\/www.chateaudejanvry.com\/en\/big-game-driven-hunt\/","og_site_name":"S\u00e9minaires &amp; Ev\u00e9nementiel l Ch\u00e2teau de Janvry l","article_publisher":"http:\/\/www.facebook.com\/chateaudejanvry","article_modified_time":"2020-01-22T11:48:30+00:00","twitter_card":"summary","twitter_site":"@chateaudejanvry","twitter_misc":{"Est. reading time":"1 minute"},"schema":{"@context":"https:\/\/schema.org","@graph":[{"@type":"WebSite","@id":"https:\/\/www.chateaudejanvry.com\/#website","url":"https:\/\/www.chateaudejanvry.com\/","name":"S\u00e9minaires &amp; Ev\u00e9nementiel l Ch\u00e2teau de Janvry l","description":"Le Ch\u00e2teau de Janvry est un domaine priv\u00e9 ouvert \u00e0 la location pour vos s\u00e9minaires, vos journ\u00e9es d&#039;\u00e9tude et vos \u00e9v\u00e9nements priv\u00e9s ou professionnels.","potentialAction":[{"@type":"SearchAction","target":{"@type":"EntryPoint","urlTemplate":"https:\/\/www.chateaudejanvry.com\/?s={search_term_string}"},"query-input":"required name=search_term_string"}],"inLanguage":"en-US"},{"@type":"WebPage","@id":"https:\/\/www.chateaudejanvry.com\/en\/big-game-driven-hunt\/#webpage","url":"https:\/\/www.chateaudejanvry.com\/en\/big-game-driven-hunt\/","name":"Big Game Driven Hunt | S\u00e9minaires &amp; Ev\u00e9nementiel l Ch\u00e2teau de Janvry l","isPartOf":{"@id":"https:\/\/www.chateaudejanvry.com\/#website"},"datePublished":"2015-04-28T06:11:35+00:00","dateModified":"2020-01-22T11:48:30+00:00","breadcrumb":{"@id":"https:\/\/www.chateaudejanvry.com\/en\/big-game-driven-hunt\/#breadcrumb"},"inLanguage":"en-US","potentialAction":[{"@type":"ReadAction","target":["https:\/\/www.chateaudejanvry.com\/en\/big-game-driven-hunt\/"]}]},{"@type":"BreadcrumbList","@id":"https:\/\/www.chateaudejanvry.com\/en\/big-game-driven-hunt\/#breadcrumb","itemListElement":[{"@type":"ListItem","position":1,"name":"Accueil","item":"https:\/\/www.chateaudejanvry.com\/en\/"},{"@type":"ListItem","position":2,"name":"Big Game Driven Hunt"}]}]}},"_links":{"self":[{"href":"https:\/\/www.chateaudejanvry.com\/en\/wp-json\/wp\/v2\/pages\/5285"}],"collection":[{"href":"https:\/\/www.chateaudejanvry.com\/en\/wp-json\/wp\/v2\/pages"}],"about":[{"href":"https:\/\/www.chateaudejanvry.com\/en\/wp-json\/wp\/v2\/types\/page"}],"author":[{"embeddable":true,"href":"https:\/\/www.chateaudejanvry.com\/en\/wp-json\/wp\/v2\/users\/1"}],"replies":[{"embeddable":true,"href":"https:\/\/www.chateaudejanvry.com\/en\/wp-json\/wp\/v2\/comments?post=5285"}],"version-history":[{"count":22,"href":"https:\/\/www.chateaudejanvry.com\/en\/wp-json\/wp\/v2\/pages\/5285\/revisions"}],"predecessor-version":[{"id":8728,"href":"https:\/\/www.chateaudejanvry.com\/en\/wp-json\/wp\/v2\/pages\/5285\/revisions\/8728"}],"wp:attachment":[{"href":"https:\/\/www.chateaudejanvry.com\/en\/wp-json\/wp\/v2\/media?parent=5285"}],"curies":[{"name":"wp","href":"https:\/\/api.w.org\/{rel}","templated":true}]}}