{"id":5255,"date":"2015-04-28T04:50:57","date_gmt":"2015-04-28T04:50:57","guid":{"rendered":"https:\/\/www.chateaudejanvry.com\/?page_id=5255"},"modified":"2020-09-21T13:37:32","modified_gmt":"2020-09-21T13:37:32","slug":"welcome","status":"publish","type":"page","link":"https:\/\/www.chateaudejanvry.com\/en\/","title":{"rendered":"Welcome"},"content":{"rendered":"<div class=\"row-fluid \">\n\t<div class=\"wpb_content_element span12 wpb_text_column\">\n\t\t<div class=\"wpb_wrapper clearfix\">\n\t\t\t\n<h1 style=\"text-align: center;\">Janvry, a unique and authentic experience in the heart of nature<\/h1>\n\n\t\t<\/div> \n\t<\/div> <\/div> <div class=\"row-fluid \">\n\t<div class=\"wpb_content_element span4 wpb_text_column\">\n\t\t<div class=\"wpb_wrapper clearfix\">\n\t\t\t\n<h3><\/h3>\n<h3>Seminars and Business Meetings<\/h3>\n<p>Only 30 minutes South of Paris, in the Essonne department, we are welcoming you for your study day or your business events. Our Ch\u00e2teau can be fully converted into study rooms, or accommodate any of your needs for your business meetings. You will benefit from a unique setting in the middle of a natural environment for your activities and team building events.<\/p>\n<p><a title=\"Notre Domaine\" href=\"https:\/\/www.chateaudejanvry.com\/en\/driven-pheasant-shooting\/\">Learn more&#8230;<\/a><\/p>\n\n\t\t<\/div> \n\t<\/div>  \n\t<div class=\"wpb_content_element span4 wpb_text_column\">\n\t\t<div class=\"wpb_wrapper clearfix\">\n\t\t\t\n<h3><\/h3>\n<h3>Receptions and events<\/h3>\n<p>For your private event, enjoy the exclusivity of our ch\u00e2teau. Our living rooms, original kitchen, theatre and gardens are open to organize your wedding, cocktail, dinner, garden party or birthday party. Imagine your dream event, we can help you realize it. Our setting\u00a0is ideal for black tie events, traditional celebrations, just to\u00a0create\u00a0unique memories. For all ages, and all occasions.<\/p>\n<p><a title=\"S\u00e9minaires\" href=\"https:\/\/www.chateaudejanvry.com\/en\/seminaire-ile-de-france\/\">Learn more&#8230;<\/a><\/p>\n\n\t\t<\/div> \n\t<\/div>  \n\t<div class=\"wpb_content_element span4 wpb_text_column\">\n\t\t<div class=\"wpb_wrapper clearfix\">\n\t\t\t\n<h3><\/h3>\n<h3>In the heart of nature<\/h3>\n<p>Our estate extends over a large hilly area of woods and plains of over 200 hectares. It is a very unspoiled natural area, populated by a wide variety of flora and fauna. Perhaps you will come across a stag or deer at the bend of a path?<\/p>\n\n\t\t<\/div> \n\t<\/div> <\/div>\n","protected":false},"excerpt":{"rendered":"","protected":false},"author":1,"featured_media":0,"parent":0,"menu_order":0,"comment_status":"open","ping_status":"open","template":"","meta":[],"yoast_head":"<!-- This site is optimized with the Yoast SEO plugin v18.2 - https:\/\/yoast.com\/wordpress\/plugins\/seo\/ -->\n<title>Welcome | S\u00e9minaires &amp; Ev\u00e9nementiel l Ch\u00e2teau de Janvry l<\/title>\n<meta name=\"robots\" content=\"index, follow, max-snippet:-1, max-image-preview:large, max-video-preview:-1\" \/>\n<link rel=\"canonical\" href=\"https:\/\/www.chateaudejanvry.com\/en\/\" \/>\n<meta property=\"og:locale\" content=\"en_US\" \/>\n<meta property=\"og:type\" content=\"article\" \/>\n<meta property=\"og:title\" content=\"Welcome | S\u00e9minaires &amp; Ev\u00e9nementiel l Ch\u00e2teau de Janvry l\" \/>\n<meta property=\"og:url\" content=\"https:\/\/www.chateaudejanvry.com\/en\/\" \/>\n<meta property=\"og:site_name\" content=\"S\u00e9minaires &amp; Ev\u00e9nementiel l Ch\u00e2teau de Janvry l\" \/>\n<meta property=\"article:publisher\" content=\"http:\/\/www.facebook.com\/chateaudejanvry\" \/>\n<meta property=\"article:modified_time\" content=\"2020-09-21T13:37:32+00:00\" \/>\n<meta name=\"twitter:card\" content=\"summary\" \/>\n<meta name=\"twitter:site\" content=\"@chateaudejanvry\" \/>\n<meta name=\"twitter:label1\" content=\"Est. reading time\" \/>\n\t<meta name=\"twitter:data1\" content=\"1 minute\" \/>\n<script type=\"application\/ld+json\" class=\"yoast-schema-graph\">{\"@context\":\"https:\/\/schema.org\",\"@graph\":[{\"@type\":\"WebSite\",\"@id\":\"https:\/\/www.chateaudejanvry.com\/#website\",\"url\":\"https:\/\/www.chateaudejanvry.com\/\",\"name\":\"S\u00e9minaires &amp; Ev\u00e9nementiel l Ch\u00e2teau de Janvry l\",\"description\":\"Le Ch\u00e2teau de Janvry est un domaine priv\u00e9 ouvert \u00e0 la location pour vos s\u00e9minaires, vos journ\u00e9es d&#039;\u00e9tude et vos \u00e9v\u00e9nements priv\u00e9s ou professionnels.\",\"potentialAction\":[{\"@type\":\"SearchAction\",\"target\":{\"@type\":\"EntryPoint\",\"urlTemplate\":\"https:\/\/www.chateaudejanvry.com\/?s={search_term_string}\"},\"query-input\":\"required name=search_term_string\"}],\"inLanguage\":\"en-US\"},{\"@type\":\"WebPage\",\"@id\":\"https:\/\/www.chateaudejanvry.com\/en\/#webpage\",\"url\":\"https:\/\/www.chateaudejanvry.com\/en\/\",\"name\":\"Welcome | S\u00e9minaires &amp; Ev\u00e9nementiel l Ch\u00e2teau de Janvry l\",\"isPartOf\":{\"@id\":\"https:\/\/www.chateaudejanvry.com\/#website\"},\"datePublished\":\"2015-04-28T04:50:57+00:00\",\"dateModified\":\"2020-09-21T13:37:32+00:00\",\"breadcrumb\":{\"@id\":\"https:\/\/www.chateaudejanvry.com\/en\/#breadcrumb\"},\"inLanguage\":\"en-US\",\"potentialAction\":[{\"@type\":\"ReadAction\",\"target\":[\"https:\/\/www.chateaudejanvry.com\/en\/\"]}]},{\"@type\":\"BreadcrumbList\",\"@id\":\"https:\/\/www.chateaudejanvry.com\/en\/#breadcrumb\",\"itemListElement\":[{\"@type\":\"ListItem\",\"position\":1,\"name\":\"Accueil\",\"item\":\"https:\/\/www.chateaudejanvry.com\/en\/\"},{\"@type\":\"ListItem\",\"position\":2,\"name\":\"Welcome\"}]}]}<\/script>\n<!-- \/ Yoast SEO plugin. -->","yoast_head_json":{"title":"Welcome | S\u00e9minaires &amp; Ev\u00e9nementiel l Ch\u00e2teau de Janvry l","robots":{"index":"index","follow":"follow","max-snippet":"max-snippet:-1","max-image-preview":"max-image-preview:large","max-video-preview":"max-video-preview:-1"},"canonical":"https:\/\/www.chateaudejanvry.com\/en\/","og_locale":"en_US","og_type":"article","og_title":"Welcome | S\u00e9minaires &amp; Ev\u00e9nementiel l Ch\u00e2teau de Janvry l","og_url":"https:\/\/www.chateaudejanvry.com\/en\/","og_site_name":"S\u00e9minaires &amp; Ev\u00e9nementiel l Ch\u00e2teau de Janvry l","article_publisher":"http:\/\/www.facebook.com\/chateaudejanvry","article_modified_time":"2020-09-21T13:37:32+00:00","twitter_card":"summary","twitter_site":"@chateaudejanvry","twitter_misc":{"Est. reading time":"1 minute"},"schema":{"@context":"https:\/\/schema.org","@graph":[{"@type":"WebSite","@id":"https:\/\/www.chateaudejanvry.com\/#website","url":"https:\/\/www.chateaudejanvry.com\/","name":"S\u00e9minaires &amp; Ev\u00e9nementiel l Ch\u00e2teau de Janvry l","description":"Le Ch\u00e2teau de Janvry est un domaine priv\u00e9 ouvert \u00e0 la location pour vos s\u00e9minaires, vos journ\u00e9es d&#039;\u00e9tude et vos \u00e9v\u00e9nements priv\u00e9s ou professionnels.","potentialAction":[{"@type":"SearchAction","target":{"@type":"EntryPoint","urlTemplate":"https:\/\/www.chateaudejanvry.com\/?s={search_term_string}"},"query-input":"required name=search_term_string"}],"inLanguage":"en-US"},{"@type":"WebPage","@id":"https:\/\/www.chateaudejanvry.com\/en\/#webpage","url":"https:\/\/www.chateaudejanvry.com\/en\/","name":"Welcome | S\u00e9minaires &amp; Ev\u00e9nementiel l Ch\u00e2teau de Janvry l","isPartOf":{"@id":"https:\/\/www.chateaudejanvry.com\/#website"},"datePublished":"2015-04-28T04:50:57+00:00","dateModified":"2020-09-21T13:37:32+00:00","breadcrumb":{"@id":"https:\/\/www.chateaudejanvry.com\/en\/#breadcrumb"},"inLanguage":"en-US","potentialAction":[{"@type":"ReadAction","target":["https:\/\/www.chateaudejanvry.com\/en\/"]}]},{"@type":"BreadcrumbList","@id":"https:\/\/www.chateaudejanvry.com\/en\/#breadcrumb","itemListElement":[{"@type":"ListItem","position":1,"name":"Accueil","item":"https:\/\/www.chateaudejanvry.com\/en\/"},{"@type":"ListItem","position":2,"name":"Welcome"}]}]}},"_links":{"self":[{"href":"https:\/\/www.chateaudejanvry.com\/en\/wp-json\/wp\/v2\/pages\/5255"}],"collection":[{"href":"https:\/\/www.chateaudejanvry.com\/en\/wp-json\/wp\/v2\/pages"}],"about":[{"href":"https:\/\/www.chateaudejanvry.com\/en\/wp-json\/wp\/v2\/types\/page"}],"author":[{"embeddable":true,"href":"https:\/\/www.chateaudejanvry.com\/en\/wp-json\/wp\/v2\/users\/1"}],"replies":[{"embeddable":true,"href":"https:\/\/www.chateaudejanvry.com\/en\/wp-json\/wp\/v2\/comments?post=5255"}],"version-history":[{"count":17,"href":"https:\/\/www.chateaudejanvry.com\/en\/wp-json\/wp\/v2\/pages\/5255\/revisions"}],"predecessor-version":[{"id":23826,"href":"https:\/\/www.chateaudejanvry.com\/en\/wp-json\/wp\/v2\/pages\/5255\/revisions\/23826"}],"wp:attachment":[{"href":"https:\/\/www.chateaudejanvry.com\/en\/wp-json\/wp\/v2\/media?parent=5255"}],"curies":[{"name":"wp","href":"https:\/\/api.w.org\/{rel}","templated":true}]}}